{"id":8,"date":"2017-05-24T21:21:00","date_gmt":"2017-05-24T21:21:00","guid":{"rendered":"http:\/\/rahelinvinograd.si\/?page_id=8"},"modified":"2026-02-06T05:38:23","modified_gmt":"2026-02-06T05:38:23","slug":"vizitka","status":"publish","type":"page","link":"https:\/\/rahelinvinograd.si\/?page_id=8","title":{"rendered":"Ekipa duhovnih vaj Rahelin vinograd"},"content":{"rendered":"<p><img loading=\"lazy\" decoding=\"async\" class=\"size-medium wp-image-58 alignleft\" src=\"https:\/\/rahelinvinograd.si\/wp-content\/uploads\/2017\/05\/Theresa-Burke-212x300.gif\" alt=\"\" width=\"212\" height=\"300\" \/><em><strong>Theresa Karminski Burke<\/strong><\/em><\/p>\n<p>Psihologinja Theresa Karminski Burke je pri\u010dela s prvo terapevtsko skupino za \u017eenske po splavu v ZDA leta 1986, po ustanovitvi Centra za ozdravljenje po splavu. Leta 1994 je objavila delo z naslovom \u00bbRahelin vinograd: psiholo\u0161ko in duhovno potovanje k ozdravitvi po splavu.\u00ab To je edinstven model skupinske terapije za svetovalce, ki ponuja zelo konkretno \u010dustveno izku\u0161njo za \u017eenske, ki \u017ealujejo, ker so svoje otroke izgubile s splavom. Leta 1995 je Burkova preoblikovala in raz\u0161irila program v obliko duhovnega vikenda. Kmalu so osebe, ki so iskale ozdravljenje, za\u010dele prihajati tudi iz drugih dr\u017eav.<\/p>\n<p>Duhovni vikendi so se pri\u010deli \u0161iriti po ZDA zaradi svoje dramati\u010dne u\u010dinkovitosti. Leta 1999 jih je bilo 18, leto kasneje pa 35.<\/p>\n<p>Leta 2015 je imel Rahelin vinograd 700 duhovnih vikendov letno. Potekali so v 47 ameri\u0161kih zveznih dr\u017eavah in v 25 drugih de\u017eelah, v mnogih so v nastajanju.<\/p>\n<p>Knjiga \u00bbPrepovedana \u017ealost\u00ab je notranji pregled Burkine izku\u0161nje svetovanja stotinam \u017eensk, ki trpijo zaradi \u010dustvenih te\u017eav, povezanih s splavom.<\/p>\n<p>Razpravlja o pritisku in prisili, s katerima se soo\u010da mnogo \u017eensk pred splavom, hudi izku\u0161nji splava sami po sebi ter o ovirah na poti razre\u0161itve in ozdravitve po tej izku\u0161nji.<\/p>\n<p>Prav tako opi\u0161e cel spekter in globino poabortivnih prilagoditvenih te\u017eav in ilustrira, kako lahko ustvarimo bolj razumevajo\u010da in zdravilna okolja, kjer se od \u017eensk ne bo ve\u010d zahtevalo, da skrivajo svojo bole\u010dino.<\/p>\n<p style=\"text-align: center;\">&#8230;&#8230;&#8230;&#8230;&#8230;&#8230;&#8230;&#8230;&#8230;&#8230;&#8230;&#8230;&#8230;&#8230;&#8230;&#8230;&#8230;&#8230;&#8230;&#8230;&#8230;&#8230;&#8230;&#8230;&#8230;&#8230;&#8230;&#8230;&#8230;&#8230;&#8230;&#8230;&#8230;&#8230;&#8230;&#8230;&#8230;&#8230;&#8230;&#8230;&#8230;..<\/p>\n<p><em><strong>Kdo so \u010dlani slovenske ekipe duhovnih vaj Rahelin vinograd in kako jih Jezus vodi na njihovi poti lahko preberete spodaj:<\/strong><\/em><\/p>\n<p><em><strong>p. Toma\u017e Miku\u0161, DJ (duhovni vodja programa)<\/strong><\/em><\/p>\n<p style=\"margin-bottom: 18.0pt; background: white;\"><img loading=\"lazy\" decoding=\"async\" class=\"size-medium wp-image-279 alignright\" src=\"https:\/\/rahelinvinograd.si\/wp-content\/uploads\/2017\/05\/p.-Toma\u017e-300x300.png\" alt=\"\" width=\"300\" height=\"300\" srcset=\"https:\/\/rahelinvinograd.si\/wp-content\/uploads\/2017\/05\/p.-Toma\u017e-300x300.png 300w, https:\/\/rahelinvinograd.si\/wp-content\/uploads\/2017\/05\/p.-Toma\u017e-150x150.png 150w, https:\/\/rahelinvinograd.si\/wp-content\/uploads\/2017\/05\/p.-Toma\u017e-768x768.png 768w, https:\/\/rahelinvinograd.si\/wp-content\/uploads\/2017\/05\/p.-Toma\u017e-100x100.png 100w, https:\/\/rahelinvinograd.si\/wp-content\/uploads\/2017\/05\/p.-Toma\u017e.png 800w\" sizes=\"auto, (max-width: 300px) 100vw, 300px\" \/><\/p>\n<p style=\"margin-bottom: 18.0pt; background: white;\"><span style=\"font-family: 'Arial','sans-serif'; color: black;\">\u201c<span style=\"font-size: 13.5pt; font-family: 'Arial','sans-serif'; color: black;\"><span style=\"box-sizing: inherit;\">Z duhovnimi vajami Rahelin\u00a0vinograd sem se prvi\u010d seznanil preko literature\u00a0<\/span><i style=\"box-sizing: inherit;\"><\/i><\/span><\/span><i style=\"box-sizing: inherit;\"><span style=\"box-sizing: inherit;\">Prepovedano \u017ealovanje: Neizgovorjena bole\u010dina splava<\/span><\/i><span style=\"box-sizing: inherit;\">\u00a0(<a style=\"box-sizing: inherit; transition: all 0.3s ease 0s;\" href=\"http:\/\/afterabortion.org\/2004\/forbidden-grief\/\">Forbiden Grief: The unspoken pain of abortion<\/a>,\u00a0<\/span><a style=\"box-sizing: inherit; transition: all 0.3s ease 0s;\" href=\"https:\/\/www.google.com\/search?client=safari&amp;rls=en&amp;q=Theresa+Karminski+Burke&amp;stick=H4sIAAAAAAAAAOPgE-LRT9c3NErKTUnPSM5RgvAKLFPyCgxytWSyk630k_Lzs_XLizJLSlLz4svzi7KtEktLMvKLAKUOGNQ8AAAA&amp;sa=X&amp;ved=0ahUKEwjdzbeMpPjbAhVQZ1AKHRAMDzgQmxMIrQEoATAZ\" target=\"_blank\" rel=\"noopener noreferrer\"><span style=\"font-size: 13.5pt;\"><span style=\"box-sizing: inherit;\">Theresa Karminski Burke<\/span><\/span><\/a><span style=\"box-sizing: inherit;\"><span style=\"font-size: 13.5pt; font-family: Arial, sans-serif;\">,\u00a0<\/span><a style=\"box-sizing: inherit; transition: all 0.3s ease 0s;\" href=\"https:\/\/www.google.com\/search?client=safari&amp;rls=en&amp;q=David+C.+Reardon&amp;stick=H4sIAAAAAAAAAOPgE-LRT9c3NErKTUnPSM5R4tLP1TcwMksxNknXkslOttJPys_P1i8vyiwpSc2LL88vyrZKLC3JyC8CAP71wNw6AAAA&amp;sa=X&amp;ved=0ahUKEwjdzbeMpPjbAhVQZ1AKHRAMDzgQmxMIrgEoAjAZ\" target=\"_blank\" rel=\"noopener noreferrer\"><span style=\"font-size: 13.5pt;\">David Reardon<\/span><\/a><\/span><span style=\"box-sizing: inherit;\">). Ob prebiranju se je v meni porodila \u017eelja, da bi\u00a0sodeloval v tem poslanstvu in te duhovne vaje pripeljal tudi v Slovenijo.<\/span><\/p>\n<p style=\"margin-bottom: 18.0pt; background: white; box-sizing: inherit; font-variant-ligatures: normal; font-variant-caps: normal; orphans: 2; text-align: start; widows: 2; -webkit-text-stroke-width: 0px; text-decoration-style: initial; text-decoration-color: initial; word-spacing: 0px;\"><span style=\"box-sizing: inherit;\"><span style=\"font-size: 13.5pt; font-family: 'Arial','sans-serif'; color: black;\">Med \u0161tudijem pastoralne oskrbe na\u00a0Irskem sem se pomladi leta 2014 osebno udele\u017eil duhovnih vaj, nato pa sem za\u010del sodelovati kot duhovnik v ekipi, ki vodi duhovne vaje na Irskem. V Londonu sem opravil tudi seminar za voditelje duhovnih vaj, ki ga je vodila\u00a0avtorica Theresa Karminski\u00a0Burke.\u00a0Po vrnitvi v Slovenijo sem za\u00a0predavateljico na Nikodemovih ve\u010derih 2015 povabil\u00a0voditeljico\u00a0duhovnih vaj na Irskem,\u00a0Bernadette\u00a0Goulding.<\/span><\/span><\/p>\n<p style=\"margin-bottom: 18.0pt; background: white; box-sizing: inherit; font-variant-ligatures: normal; font-variant-caps: normal; orphans: 2; text-align: start; widows: 2; -webkit-text-stroke-width: 0px; text-decoration-style: initial; text-decoration-color: initial; word-spacing: 0px;\"><span style=\"box-sizing: inherit;\"><span style=\"font-size: 13.5pt; font-family: 'Arial','sans-serif'; color: black;\">V sodelovanju z Valentino Pikelj in z Bernadettino pomo\u010djo, smo pomladi 2016 izvedli prve duhovne vaje za udele\u017eence iz Slovenije in Hrva\u0161ke. Iz teh duhovnih vaj je nastala prva slovenska ekipa, k sodelovanju pa sem zaradi isku\u0161enj in izjemne ob\u010dutljivosti za osebe, ki so imele splav, povabil Katarino Nzobandora iz Zavoda \u017divim.\u201d<\/span><\/span><\/p>\n<hr \/>\n<p><em><strong>\u010clana ekipe (zakonski par)<\/strong><\/em><\/p>\n<p><em>\u201c<\/em>Ko do\u017eivimo veliko izgubo, lahko to zares delimo samo z nekom, ki je kaj takega dal skozi. To \u0161e posebej velja za izgubo nerojenega otroka, ki vodi v dolgotrajno \u017ealovanje in zaznamovanost. Zame je bil duhovni vikend RV prostor osvoboditve, odpu\u0161\u010danja, zdravljenja in utrditve vezi z mojim nerojenim otrokom. Ostaja velika hvale\u017enost, da mi je v pravem trenutku pri\u0161la na pot vest o RV. S\u010dasoma je v meni dozorela odlo\u010ditev za sodelovanje v skupini, ki pomaga pri izvedbi intenzivnega duhovnega vikenda. Ker me je program scela prepri\u010dal, dale\u010d presegel moja pri\u010dakovanja, si \u017eelim, da bi bili \u0161e \u0161tevilni dele\u017eni njegove zdravilne mo\u010di.\u201d<\/p>\n<p>\u201cSodelujem zaradi stika in sre\u010danja z najintimnej\u0161o posameznikovo ranjenostjo. Zaradi spo\u0161tovanja in hvale\u017enosti, ki ju do\u017eivljam ob tem. Gre za priviligiran trenutek, ki ga vsakokrat \u017eelim do\u017eiveti tako, da bi postal bolj\u0161i \u010dlovek. Obenem je zame to, da sem opora nekomu v trenutku njegove najve\u010dje ranljivosti, do\u017eivetje, ki me neizmerno krepi kot \u010dloveka in mi daje mo\u017enost, da se sre\u010dam z \u017eivljenjem in osebo v njegovi plemenitosti, tragi\u010dnosti in najob\u010dutljivej\u0161i krhkosti. Daje mi mo\u017enost, da slu\u017eim! Zgodba, proces ali program RV\u00a0 mi omogo\u010da, da ne be\u017eim pred seboj in da sebe izku\u0161am na na\u010din odpu\u0161\u010danja, ki me spreminja.\u201d<\/p>\n<hr \/>\n<p><em><strong>\u010clan ekipe<\/strong><\/em><\/p>\n<p><em>\u201cSodelovanje v ekipi, ki pripravlja duhovne vaje Rahelin vinograd, je zame najve\u010dji dokaz, kako Bog obra\u010da na\u0161e namene in jih usmerja po poti, ki jo ima za nas za\u010drtano. Preden sem se duhovnih vaj udele\u017eil kot udele\u017eenec, sem imel veliko sku\u0161njav, pomislekov in dvomov o tem, ali je to zame primerno in kaj lahko v tem duhovnem vikendu sploh prejmem. Pred udele\u017ebo na duhovnih vajah je bila v meni precej mo\u010dna zavest, da mi ta vikend ne more ponuditi ni\u010desar, \u010desar ne bi mogel dose\u010di sam, s svojimi dejanji. In seveda se ne ne bi mogel bolj zmotiti. Vsa milost, ki sem jo takrat prejel, je bila tako mo\u010dna, da sem takoj vedel, da \u017eelim po tej poti stopati naprej. Kako, zakaj, kdo je naredil tak premik v meni ve le On, ki je imel prste vmes in moja najve\u010dja \u017eelja je, da bi udele\u017eenci duhovnih vaj, ki jih sedaj pripravljamo, za\u010dutili in prejeli vsaj del tega, \u010desar sem bil sam dele\u017een. In \u010de mi to, skupaj z ekipo uspe, vem, da sem naredil najve\u010d \u2026\u201d<\/em><\/p>\n\n\n<hr class=\"wp-block-separator has-css-opacity is-style-wide\"\/>\n","protected":false},"excerpt":{"rendered":"<p>Theresa Karminski Burke Psihologinja Theresa Karminski Burke je pri\u010dela s prvo terapevtsko skupino za \u017eenske po splavu v ZDA leta 1986, po ustanovitvi Centra za ozdravljenje po splavu. Leta 1994 je objavila delo z naslovom \u00bbRahelin vinograd: psiholo\u0161ko in duhovno potovanje k ozdravitvi po splavu.\u00ab To je edinstven model skupinske terapije za svetovalce, ki ponuja &hellip; <\/p>\n<p class=\"link-more\"><a href=\"https:\/\/rahelinvinograd.si\/?page_id=8\" class=\"more-link\">Preberi ve\u010d<span class=\"screen-reader-text\"> &#8220;Ekipa duhovnih vaj Rahelin vinograd&#8221;<\/span><\/a><\/p>\n","protected":false},"author":1,"featured_media":278,"parent":0,"menu_order":0,"comment_status":"closed","ping_status":"closed","template":"","meta":{"footnotes":""},"class_list":["post-8","page","type-page","status-publish","has-post-thumbnail","hentry"],"_links":{"self":[{"href":"https:\/\/rahelinvinograd.si\/index.php?rest_route=\/wp\/v2\/pages\/8","targetHints":{"allow":["GET"]}}],"collection":[{"href":"https:\/\/rahelinvinograd.si\/index.php?rest_route=\/wp\/v2\/pages"}],"about":[{"href":"https:\/\/rahelinvinograd.si\/index.php?rest_route=\/wp\/v2\/types\/page"}],"author":[{"embeddable":true,"href":"https:\/\/rahelinvinograd.si\/index.php?rest_route=\/wp\/v2\/users\/1"}],"replies":[{"embeddable":true,"href":"https:\/\/rahelinvinograd.si\/index.php?rest_route=%2Fwp%2Fv2%2Fcomments&post=8"}],"version-history":[{"count":17,"href":"https:\/\/rahelinvinograd.si\/index.php?rest_route=\/wp\/v2\/pages\/8\/revisions"}],"predecessor-version":[{"id":557,"href":"https:\/\/rahelinvinograd.si\/index.php?rest_route=\/wp\/v2\/pages\/8\/revisions\/557"}],"wp:featuredmedia":[{"embeddable":true,"href":"https:\/\/rahelinvinograd.si\/index.php?rest_route=\/wp\/v2\/media\/278"}],"wp:attachment":[{"href":"https:\/\/rahelinvinograd.si\/index.php?rest_route=%2Fwp%2Fv2%2Fmedia&parent=8"}],"curies":[{"name":"wp","href":"https:\/\/api.w.org\/{rel}","templated":true}]}}