{"id":448,"date":"2021-04-19T18:28:20","date_gmt":"2021-04-19T18:28:20","guid":{"rendered":"http:\/\/rahelinvinograd.si\/?page_id=448"},"modified":"2021-04-19T19:27:00","modified_gmt":"2021-04-19T19:27:00","slug":"molitve","status":"publish","type":"page","link":"https:\/\/rahelinvinograd.si\/?page_id=448","title":{"rendered":"Molitev"},"content":{"rendered":"\n<p><strong><em>Molitvena podpora je pogosto najve\u010d, kar lahko damo osebam, ki se soo\u010dajo z bremenom splava. Na tem mestu lahko najdete molitve, s pomo\u010djo katerih smo medsebojno povezani.<\/em><\/strong><\/p>\n\n\n\n<hr class=\"wp-block-separator is-style-wide\"\/>\n\n\n\n<p class=\"has-text-align-center\">Gospod\u00a0vsega\u00a0\u017eivljenja,<br>zaupal\u00a0si\u00a0nam\u00a0skrb\u00a0za\u00a0bli\u017enjega\u00a0in\u00a0nas\u00a0poklical,\u00a0<br>da\u00a0smo\u00a0eno\u00a0telo\u00a0v\u00a0Kristusu.<br>Poklical\u00a0si\u00a0nas,\u00a0da\u00a0se\u00a0veselimo\u00a0z\u00a0veselimi<br>in\u00a0\u017ealujemo\u00a0z\u00a0\u017ealujo\u010dimi.<br>Gospod,\u00a0svojo\u00a0ljubezen\u00a0si\u00a0primerjal<br>z\u00a0ljubeznijo\u00a0matere\u00a0do\u00a0svojega\u00a0otroka.<br>Sli\u0161i\u00a0danes\u00a0na\u0161o\u00a0molitev\u00a0za\u00a0vse\u00a0matere,\u00a0o\u010dete\u00a0in\u00a0vse,<br>ki\u00a0so\u00a0ranjeni\u00a0zaradi\u00a0splava.<br>Pomagaj\u00a0nam\u00a0razumeti\u00a0bole\u010dino\u00a0v\u00a0njihovih\u00a0srcih.<br>Naj\u00a0bomo\u00a0\u017eiva\u00a0znamenja\u00a0tvojega<br>sprejemanja,\u00a0usmiljenja\u00a0in\u00a0ozdravljenja.<br>Pomagaj\u00a0jim,\u00a0da\u00a0bodo\u00a0pogumno\u00a0\u0161li<br>skozi\u00a0\u017ealovanje\u00a0in\u00a0po\u00a0poti\u00a0ozdravljenja.<br>Naj\u00a0se\u00a0nikoli\u00a0ne\u00a0po\u010dutijo\u00a0same,\u00a0naj\u00a0jim\u00a0na\u0161a\u00a0molitev\u00a0pomaga,\u00a0<br>da\u00a0bodo\u00a0za\u010dutili\u00a0po\u017eivljajo\u010do\u00a0navzo\u010dnost\u00a0tvojega\u00a0Duha.<br>Prosimo\u00a0te\u00a0za\u00a0vse\u00a0tiste,\u00a0ki\u00a0ne\u00a0najdejo\u00a0poti\u00a0do\u00a0tebe,\u00a0<br>do\u00a0tvojega\u00a0odpu\u0161\u010danja\u00a0&#8211;<br>naj\u00a0jim\u00a0na\u0161a\u00a0molitev\u00a0pomaga,\u00a0<br>da\u00a0bodo\u00a0znali\u00a0s\u00a0Teboj\u00a0odlo\u017eiti\u00a0svoje\u00a0breme.<\/p>\n\n\n\n<hr class=\"wp-block-separator is-style-wide\"\/>\n\n\n\n<p class=\"has-text-align-center\">O, Mati Marija,<\/p>\n\n\n\n<div class=\"wp-block-group\"><div class=\"wp-block-group__inner-container is-layout-flow wp-block-group-is-layout-flow\">\n<p class=\"has-text-align-center\">Ti ve\u0161 vse o \u017ealosti, solzah in trpljenju, ki jih do\u017eivljamo star\u0161i, ki smo izgubili otroka, saj si tudi ti sama ob\u010dutila oster me\u010d izgube. Blagoslovi star\u0161e, brate, sestre ljubljenega otroka in so\u010dutne bli\u017enje, ki v \u010dasu stiske ljube\u010de pomagajo. Pripravi nam \u017eivljenje polno miru, veselja, ljubezni in upanja. Stoj nam ob strani v te\u017ekih trenutkih, da bomo vedno \u010dutili Tvojo toplo naklonjenost\u00a0in bomo zmogli ljubezen deliti tudi naprej. <\/p>\n<\/div><\/div>\n\n\n\n<p class=\"has-text-align-center\">Po Kristusu na\u0161em Gospodu,<\/p>\n\n\n\n<p class=\"has-text-align-center\">Amen.<\/p>\n\n\n\n<hr class=\"wp-block-separator is-style-wide\"\/>\n\n\n\n<p class=\"has-text-align-center\"><em><strong>Litanije za \u017eivljenje, ki \u010dastijo sv. Jo\u017eefa, varuha \u017eivljenja, povzete po spletni strani: <\/strong><\/em><span class=\"has-inline-color has-cyan-bluish-gray-color\"><strong>https:\/\/osjusa.org\/prayers\/litany-for-life\/<\/strong><\/span><\/p>\n\n\n\n<p class=\"has-text-align-center\"><em>Dobri sv. Jo\u017eef &#8230;&#8230;&#8230;. prosi za nas<\/em><\/p>\n\n\n\n<p class=\"has-text-align-center\"><em>Mo\u017e blagoslovljene Device Marije &#8230;&#8230;&#8230;. prosi za nas<\/em><\/p>\n\n\n\n<p class=\"has-text-align-center\"><em>Za\u0161\u010ditnik Bo\u017eje Matere &#8230;&#8230;&#8230;. prosi za nas<\/em><\/p>\n\n\n\n<p class=\"has-text-align-center\"><em>Zvesti soprog &#8230;&#8230;&#8230;. prosi za nas<\/em><\/p>\n\n\n\n<p class=\"has-text-align-center\"><em>Dober delavec &#8230;&#8230;&#8230;. prosi za nas<\/em><\/p>\n\n\n\n<p class=\"has-text-align-center\"><em>Dober in ne\u017eni mo\u017e &#8230;&#8230;&#8230;. prosi za nas<\/em><\/p>\n\n\n\n<p class=\"has-text-align-center\"><em>Mo\u017e vere in upanja &#8230;&#8230;&#8230;. prosi za nas<\/em><\/p>\n\n\n\n<p class=\"has-text-align-center\"><em>Mo\u017e prijaznosti in dobrodelnosti &#8230;&#8230;&#8230;. prosi za nas<\/em><\/p>\n\n\n\n<p class=\"has-text-align-center\"><em>Mo\u017e ljubezni &#8230;&#8230;&#8230;. prosi za nas<\/em><\/p>\n\n\n\n<p class=\"has-text-align-center\"><em>Vzor potrpe\u017eljivosti &#8230;&#8230;&#8230;. prosi za nas<\/em><\/p>\n\n\n\n<p class=\"has-text-align-center\"><em>Vzor ljubeznivosti &#8230;&#8230;&#8230;. prosi za nas<\/em><\/p>\n\n\n\n<p class=\"has-text-align-center\"><em>Ljube\u010di o\u010de &#8230;&#8230;&#8230;. prosi za nas<\/em><\/p>\n\n\n\n<p class=\"has-text-align-center\"><em>Ljubezniv o\u010de &#8230;&#8230;&#8230;. prosi za nas<\/em><\/p>\n\n\n\n<p class=\"has-text-align-center\"><em>Vzor svetosti <\/em>&#8230;&#8230;&#8230;. prosi za nas<em><\/em><\/p>\n\n\n\n<p class=\"has-text-align-center\"><em>Za vse neporo\u010dene o\u010dete \u2026\u2026\u2026. prosi za njih<\/em><\/p>\n\n\n\n<p class=\"has-text-align-center\"><em>Za vse, ki jih je strah \u2026\u2026\u2026. prosi za njih<\/em><\/p>\n\n\n\n<p class=\"has-text-align-center\"><em>Za vse, ki jih napada obup \u2026\u2026\u2026. prosi za njih<\/em><\/p>\n\n\n\n<p class=\"has-text-align-center\"><em>Za vse, ki jih napada zloba \u2026\u2026\u2026. prosi za njih<\/em><\/p>\n\n\n\n<p class=\"has-text-align-center\"><em>Za begunce in sirote \u2026\u2026\u2026. prosi za njih<\/em><\/p>\n\n\n\n<p class=\"has-text-align-center\"><em>Za vse obsojene na smrt \u2026\u2026\u2026. prosi za njih<\/em><\/p>\n\n\n\n<p class=\"has-text-align-center\"><em>Za vse smrtno bolne \u2026\u2026\u2026. prosi za njih<\/em><\/p>\n\n\n\n<p class=\"has-text-align-center\"><em>Za tiste v zadnjih urah \u017eivljenja \u2026\u2026\u2026. prosi za njih<\/em><\/p>\n\n\n\n<p class=\"has-text-align-center\"><em>Za zdravnike in medicinske sestre \u2026\u2026\u2026. prosi za njih<\/em><\/p>\n\n\n\n<p class=\"has-text-align-center\"><em>Za tiste, ki \u010dakajo na smrt \u2026\u2026\u2026. prosi za njih<\/em><\/p>\n\n\n\n<p class=\"has-text-align-center\"><em>Za ostarele in osamljene \u2026\u2026\u2026. prosi za njih<\/em><\/p>\n\n\n\n<p class=\"has-text-align-center\"><em>Za resnico in pravico \u2026\u2026\u2026. prosi za njih<\/em><\/p>\n\n\n\n<p class=\"has-text-align-center\"><em>Za zakonodajalce in sodnike \u2026\u2026\u2026. prosi za njih<\/em><\/p>\n\n\n\n<p class=\"has-text-align-center\"><em>Za voditelje dr\u017eave \u2026\u2026\u2026. prosi za njih<\/em><\/p>\n\n\n\n<p class=\"has-text-align-center\"><em>Za vse, ki delujejo ZA \u017dIVLJENJE \u2026\u2026\u2026. prosi za njih<\/em><\/p>\n\n\n\n<p class=\"has-text-align-center\">Dobri sveti Jo\u017eef, tvoja zvesta ljubezen je varovala in negovala Bo\u017ejo Mater Marijo in njenega sina Jezusa Kristusa. Njega, po katerem se je pri\u010delo stvarstvo, je do odraslosti vodila tvoja o\u010detovska ljubezen. Naj po tvoji pripro\u0161nji Bog vodi in varuje \u010dlove\u0161ko \u017eivljenje od spo\u010detja do naravne smrti in naj Bog vodi na\u0161 narod po poti resnice in ljubezni. Prosi za nas sveti Jo\u017eef, da bomo neko\u010d zdru\u017eeni z Jezusom Kristusom peli ve\u010dno slavo Bogu. Amen.<\/p>\n\n\n\n<div class=\"wp-block-group\"><div class=\"wp-block-group__inner-container is-layout-flow wp-block-group-is-layout-flow\">\n<div class=\"wp-block-group is-layout-flow wp-block-group-is-layout-flow\"><div class=\"wp-block-group__inner-container\"><\/div><\/div>\n<\/div><\/div>\n\n\n\n<p><\/p>\n","protected":false},"excerpt":{"rendered":"<p>Molitvena podpora je pogosto najve\u010d, kar lahko damo osebam, ki se soo\u010dajo z bremenom splava. Na tem mestu lahko najdete molitve, s pomo\u010djo katerih smo medsebojno povezani. Gospod\u00a0vsega\u00a0\u017eivljenja,zaupal\u00a0si\u00a0nam\u00a0skrb\u00a0za\u00a0bli\u017enjega\u00a0in\u00a0nas\u00a0poklical,\u00a0da\u00a0smo\u00a0eno\u00a0telo\u00a0v\u00a0Kristusu.Poklical\u00a0si\u00a0nas,\u00a0da\u00a0se\u00a0veselimo\u00a0z\u00a0veselimiin\u00a0\u017ealujemo\u00a0z\u00a0\u017ealujo\u010dimi.Gospod,\u00a0svojo\u00a0ljubezen\u00a0si\u00a0primerjalz\u00a0ljubeznijo\u00a0matere\u00a0do\u00a0svojega\u00a0otroka.Sli\u0161i\u00a0danes\u00a0na\u0161o\u00a0molitev\u00a0za\u00a0vse\u00a0matere,\u00a0o\u010dete\u00a0in\u00a0vse,ki\u00a0so\u00a0ranjeni\u00a0zaradi\u00a0splava.Pomagaj\u00a0nam\u00a0razumeti\u00a0bole\u010dino\u00a0v\u00a0njihovih\u00a0srcih.Naj\u00a0bomo\u00a0\u017eiva\u00a0znamenja\u00a0tvojegasprejemanja,\u00a0usmiljenja\u00a0in\u00a0ozdravljenja.Pomagaj\u00a0jim,\u00a0da\u00a0bodo\u00a0pogumno\u00a0\u0161liskozi\u00a0\u017ealovanje\u00a0in\u00a0po\u00a0poti\u00a0ozdravljenja.Naj\u00a0se\u00a0nikoli\u00a0ne\u00a0po\u010dutijo\u00a0same,\u00a0naj\u00a0jim\u00a0na\u0161a\u00a0molitev\u00a0pomaga,\u00a0da\u00a0bodo\u00a0za\u010dutili\u00a0po\u017eivljajo\u010do\u00a0navzo\u010dnost\u00a0tvojega\u00a0Duha.Prosimo\u00a0te\u00a0za\u00a0vse\u00a0tiste,\u00a0ki\u00a0ne\u00a0najdejo\u00a0poti\u00a0do\u00a0tebe,\u00a0do\u00a0tvojega\u00a0odpu\u0161\u010danja\u00a0&#8211;naj\u00a0jim\u00a0na\u0161a\u00a0molitev\u00a0pomaga,\u00a0da\u00a0bodo\u00a0znali\u00a0s\u00a0Teboj\u00a0odlo\u017eiti\u00a0svoje\u00a0breme. O, Mati Marija, Ti ve\u0161 vse o \u017ealosti, solzah in trpljenju, ki jih do\u017eivljamo star\u0161i, ki smo izgubili otroka, saj si tudi ti sama ob\u010dutila oster me\u010d &hellip; <\/p>\n<p class=\"link-more\"><a href=\"https:\/\/rahelinvinograd.si\/?page_id=448\" class=\"more-link\">Preberi ve\u010d<span class=\"screen-reader-text\"> &#8220;Molitev&#8221;<\/span><\/a><\/p>\n","protected":false},"author":2,"featured_media":449,"parent":0,"menu_order":0,"comment_status":"closed","ping_status":"closed","template":"","meta":{"footnotes":""},"class_list":["post-448","page","type-page","status-publish","has-post-thumbnail","hentry"],"_links":{"self":[{"href":"https:\/\/rahelinvinograd.si\/index.php?rest_route=\/wp\/v2\/pages\/448","targetHints":{"allow":["GET"]}}],"collection":[{"href":"https:\/\/rahelinvinograd.si\/index.php?rest_route=\/wp\/v2\/pages"}],"about":[{"href":"https:\/\/rahelinvinograd.si\/index.php?rest_route=\/wp\/v2\/types\/page"}],"author":[{"embeddable":true,"href":"https:\/\/rahelinvinograd.si\/index.php?rest_route=\/wp\/v2\/users\/2"}],"replies":[{"embeddable":true,"href":"https:\/\/rahelinvinograd.si\/index.php?rest_route=%2Fwp%2Fv2%2Fcomments&post=448"}],"version-history":[{"count":4,"href":"https:\/\/rahelinvinograd.si\/index.php?rest_route=\/wp\/v2\/pages\/448\/revisions"}],"predecessor-version":[{"id":454,"href":"https:\/\/rahelinvinograd.si\/index.php?rest_route=\/wp\/v2\/pages\/448\/revisions\/454"}],"wp:featuredmedia":[{"embeddable":true,"href":"https:\/\/rahelinvinograd.si\/index.php?rest_route=\/wp\/v2\/media\/449"}],"wp:attachment":[{"href":"https:\/\/rahelinvinograd.si\/index.php?rest_route=%2Fwp%2Fv2%2Fmedia&parent=448"}],"curies":[{"name":"wp","href":"https:\/\/api.w.org\/{rel}","templated":true}]}}