{"id":262,"date":"2018-11-25T19:52:26","date_gmt":"2018-11-25T19:52:26","guid":{"rendered":"http:\/\/rahelinvinograd.si\/?page_id=262"},"modified":"2023-05-12T07:45:31","modified_gmt":"2023-05-12T07:45:31","slug":"vprasanja","status":"publish","type":"page","link":"https:\/\/rahelinvinograd.si\/?page_id=262","title":{"rendered":"Vpra\u0161anja"},"content":{"rendered":"<p><em><strong>&#8220;Rahelin vinograd je spremenil moje \u017eivljenje. Preden sem \u0161la na duhovni vikend, sem bila tako depresivna. Po\u010dutila sem se osamljeno v svoji depresiji in \u017ealovanju. \u010cutila sem, kot da ne smem \u017ealovati, ker sem imela splav&#8230;&#8221;<\/strong><\/em><\/p>\n<p><em><strong>&#8220;Rahelin vinograd je obnovil moje \u017eivljenje. Znova se po\u010dutim celovito, \u017eivo in sposobno ljubezni.&#8221;<\/strong><\/em><\/p>\n<hr \/>\n<p><strong>Koliko stane duhovni vikend?<\/strong><\/p>\n<p>Cena je odvisna od lokacije, kjer vikend poteka. Ve\u010dina vikendov stane okrog <strong>190 EUR<\/strong>, v ceno je vklju\u010deno bivanje, obroki ter vsi potrebni materiali. Brez skrbi, lahko Vas podpremo ali se dogovorimo za obro\u010dno odpla\u010devanje, tako da denar ne bi smel biti ovira. \u010ce potrebujete finan\u010dno podporo, ne odla\u0161ajte in stopite v stik z nami.<\/p>\n<p><strong>Kako dolgo traja duhovni vikend?<\/strong><\/p>\n<p>Duhovni vikend &#8220;Rahelin vinograd&#8221; se za\u010dne v petek zve\u010der in traja do poznega nedeljskega popoldneva. Vabimo Vas, da do\u017eivite celoten vikend, obedujete z nami in imate svojo sobo za po\u010ditek in spanje. Na\u0161e izku\u0161nje pri\u010dajo, da je le prisotnost na celotnem vikendu (vklju\u010dno z bivanjem) dobra osnova za prejetje vseh milosti, ki jih te duhovne vaje nudijo.<\/p>\n<p><strong>Koliko ljudi bo tam?<\/strong><\/p>\n<p>Na vsakem vikendu je obi\u010dajno med 8 in 10 udele\u017eencev, v\u010dasih je skupina ve\u010dja ali manj\u0161a, odvisno tudi od kapacitet, kjer gostujemo. Tak\u0161na (majhna) skupina udele\u017eencev ohranja mirno in intimno ozra\u010dje, kjer je vsakemu omogo\u010deno, da ima dovolj \u010dasa za podelitev svoje zgodbe in osebno do\u017eivljanje vsebine duhovnih vaj. Ob udele\u017eencih je ves \u010das prisotna ekipa duhovnih vaj (pribli\u017eno 6 ljudi), ki pomagajo izvesti vikend, vodijo vaje, skrbijo za prehrano ter za vse, kar udele\u017eenci potrebujejo.<\/p>\n<p><strong>Kdo vodi vikend?<\/strong><\/p>\n<p>Vsak vikend duhovnih vaj vodi skupina ljudi, ki so se iz\u0161olali v procesu Rahelinega vinograda. Med njimi so profesionalni svetovalci, mo\u0161ki in \u017eenske z izku\u0161njo splava, ljube\u010di in neobsojajo\u010di prostovoljci ter duhovnik.<\/p>\n<p>\u010clani ekipe so na duhovnih vajah brezpla\u010dno, saj razumejo pomen zdravljenja in okrevanja po bole\u010dini splava. So kompetentni in skrbni posamezniki, ki bodo spo\u0161tovali Va\u0161o polo\u017eaj v procesu \u017ealovanja in Vam pomagali iti na globljo raven ozdravitve.<\/p>\n<p>Ve\u010d o ekipi duhovnih vaj si lahko preberete pod zavihkom <a href=\"https:\/\/rahelinvinograd.si\/?page_id=8\" target=\"_blank\" rel=\"noopener noreferrer\"><strong><em>Kdo smo?.<\/em><\/strong><\/a><\/p>\n<p><em><strong>Zakaj poteka v skupini?<\/strong><\/em><\/p>\n<p>Splav razumemo kot travmo. Travmati\u010dne dogodke pogosto ote\u017ei to, da so obravnavani kot skrbno varovana skrivnost, v kateri ob\u010dutki osramo\u010denosti nimajo glasu. Ozdravitev \u017ertev s travmo splava lahko dose\u017eemo z omogo\u010danjem varnosti, rekonstrukcijo travmati\u010dne zgodbe in obnovitvijo povezav med pre\u017eivelimi in skupnostjo. Skupinski kontekst je zelo katarzi\u010den, saj lahko drugi, &#8220;ki so \u017ee bili tam&#8221;, ustrezno ocenijo simptome in podporne, zdravilne elemente procesa. To ne zanika vrednosti individualnega svetovanja in podpore, vendar izku\u0161nja skupinskega procesa, posebno takrat, ko lahko uvedemo dru\u017einsko podporo, pogosto izka\u017ee bolj celovito raven ozdravitve.<\/p>\n<p><strong><em>Kako lahko podprem delovanje Rahelinega vinograda?<\/em><\/strong><\/p>\n\n\n<p>Rahelin vinograd je poslanstvo. Vsi, ki sodelujemo pri izvedbi programa smo prepri\u010dani, da smo orodje v Njegovih rokah. Zato se priporo\u010damo, da nas podprete z molitvijo, v kateri boste na\u0161e delo izro\u010dili v Bo\u017eje naro\u010dje.<\/p>\n\n\n\n<p>V kolikor \u017eelite delovanje Rahelinega vinograda podpreti tudi materialno, pa vas povabimo, da donacijo naka\u017eete na:<\/p>\n\n\n\n<p><em><strong>Zavod  \u017divim<br>Poto\u010dnikova 8<br>1000 Ljubljana<br><br>IBAN: SI56 1914 6501 3341 629<br>BIC: SZKBSI2X<\/strong><\/em><\/p>\n\n\n\n<p><em><strong>Namen: donacija<\/strong><\/em><\/p>\n\n\n\n<p>Rahelin vinograd ima samostojen ra\u010dun v okviru Zavoda \u017dIV!M. Vse, kar boste nakazali na ta ra\u010dun, bomo prejeli v Rahelinem vinogradu.<\/p>\n\n\n\n<p>Iz srca hvala za va\u0161 dar!!!&nbsp;<\/p>\n\n\n\n<p>Ekipa Rahelinega vinograda<\/p>\n\n\n\n<p><\/p>\n","protected":false},"excerpt":{"rendered":"<p>&#8220;Rahelin vinograd je spremenil moje \u017eivljenje. Preden sem \u0161la na duhovni vikend, sem bila tako depresivna. Po\u010dutila sem se osamljeno v svoji depresiji in \u017ealovanju. \u010cutila sem, kot da ne smem \u017ealovati, ker sem imela splav&#8230;&#8221; &#8220;Rahelin vinograd je obnovil moje \u017eivljenje. Znova se po\u010dutim celovito, \u017eivo in sposobno ljubezni.&#8221; Koliko stane duhovni vikend? Cena &hellip; <\/p>\n<p class=\"link-more\"><a href=\"https:\/\/rahelinvinograd.si\/?page_id=262\" class=\"more-link\">Preberi ve\u010d<span class=\"screen-reader-text\"> &#8220;Vpra\u0161anja&#8221;<\/span><\/a><\/p>\n","protected":false},"author":2,"featured_media":284,"parent":0,"menu_order":0,"comment_status":"closed","ping_status":"closed","template":"","meta":{"footnotes":""},"class_list":["post-262","page","type-page","status-publish","has-post-thumbnail","hentry"],"_links":{"self":[{"href":"https:\/\/rahelinvinograd.si\/index.php?rest_route=\/wp\/v2\/pages\/262","targetHints":{"allow":["GET"]}}],"collection":[{"href":"https:\/\/rahelinvinograd.si\/index.php?rest_route=\/wp\/v2\/pages"}],"about":[{"href":"https:\/\/rahelinvinograd.si\/index.php?rest_route=\/wp\/v2\/types\/page"}],"author":[{"embeddable":true,"href":"https:\/\/rahelinvinograd.si\/index.php?rest_route=\/wp\/v2\/users\/2"}],"replies":[{"embeddable":true,"href":"https:\/\/rahelinvinograd.si\/index.php?rest_route=%2Fwp%2Fv2%2Fcomments&post=262"}],"version-history":[{"count":8,"href":"https:\/\/rahelinvinograd.si\/index.php?rest_route=\/wp\/v2\/pages\/262\/revisions"}],"predecessor-version":[{"id":521,"href":"https:\/\/rahelinvinograd.si\/index.php?rest_route=\/wp\/v2\/pages\/262\/revisions\/521"}],"wp:featuredmedia":[{"embeddable":true,"href":"https:\/\/rahelinvinograd.si\/index.php?rest_route=\/wp\/v2\/media\/284"}],"wp:attachment":[{"href":"https:\/\/rahelinvinograd.si\/index.php?rest_route=%2Fwp%2Fv2%2Fmedia&parent=262"}],"curies":[{"name":"wp","href":"https:\/\/api.w.org\/{rel}","templated":true}]}}